{"id":16,"date":"2023-01-03T14:02:49","date_gmt":"2023-01-03T13:02:49","guid":{"rendered":"https:\/\/toulouse-entretien-piscines.fr\/?page_id=16"},"modified":"2023-09-20T16:01:14","modified_gmt":"2023-09-20T14:01:14","slug":"nos-services","status":"publish","type":"page","link":"https:\/\/toulouse-entretien-piscines.fr\/index.php\/nos-services\/","title":{"rendered":"Le Filtre \u00e0 Sable"},"content":{"rendered":"\t\t<div data-elementor-type=\"wp-page\" data-elementor-id=\"16\" class=\"elementor elementor-16\">\n\t\t\t\t\t\t\t\t\t<section class=\"elementor-section elementor-top-section elementor-element elementor-element-9be5348 elementor-section-content-middle elementor-reverse-mobile elementor-section-boxed elementor-section-height-default elementor-section-height-default\" data-id=\"9be5348\" data-element_type=\"section\">\n\t\t\t\t\t\t<div class=\"elementor-container elementor-column-gap-no\">\n\t\t\t\t\t<div class=\"elementor-column elementor-col-50 elementor-top-column elementor-element elementor-element-8b143e3\" data-id=\"8b143e3\" data-element_type=\"column\">\n\t\t\t<div class=\"elementor-widget-wrap elementor-element-populated\">\n\t\t\t\t\t\t\t\t<div class=\"elementor-element elementor-element-71aa130b elementor-widget elementor-widget-heading\" data-id=\"71aa130b\" data-element_type=\"widget\" data-widget_type=\"heading.default\">\n\t\t\t\t<div class=\"elementor-widget-container\">\n\t\t\t<style>\/*! elementor - v3.9.2 - 21-12-2022 *\/\n.elementor-heading-title{padding:0;margin:0;line-height:1}.elementor-widget-heading .elementor-heading-title[class*=elementor-size-]>a{color:inherit;font-size:inherit;line-height:inherit}.elementor-widget-heading .elementor-heading-title.elementor-size-small{font-size:15px}.elementor-widget-heading .elementor-heading-title.elementor-size-medium{font-size:19px}.elementor-widget-heading .elementor-heading-title.elementor-size-large{font-size:29px}.elementor-widget-heading .elementor-heading-title.elementor-size-xl{font-size:39px}.elementor-widget-heading .elementor-heading-title.elementor-size-xxl{font-size:59px}<\/style><h4 class=\"elementor-heading-title elementor-size-default\">Votre filtre \u00e0 sable<\/h4>\t\t<\/div>\n\t\t\t\t<\/div>\n\t\t\t\t<div class=\"elementor-element elementor-element-b02b307 elementor-widget elementor-widget-text-editor\" data-id=\"b02b307\" data-element_type=\"widget\" data-widget_type=\"text-editor.default\">\n\t\t\t\t<div class=\"elementor-widget-container\">\n\t\t\t<style>\/*! elementor - v3.9.2 - 21-12-2022 *\/\n.elementor-widget-text-editor.elementor-drop-cap-view-stacked .elementor-drop-cap{background-color:#818a91;color:#fff}.elementor-widget-text-editor.elementor-drop-cap-view-framed .elementor-drop-cap{color:#818a91;border:3px solid;background-color:transparent}.elementor-widget-text-editor:not(.elementor-drop-cap-view-default) .elementor-drop-cap{margin-top:8px}.elementor-widget-text-editor:not(.elementor-drop-cap-view-default) .elementor-drop-cap-letter{width:1em;height:1em}.elementor-widget-text-editor .elementor-drop-cap{float:left;text-align:center;line-height:1;font-size:50px}.elementor-widget-text-editor .elementor-drop-cap-letter{display:inline-block}<\/style>\t\t\t\t<p>Votre filtre \u00e0 sable est un \u00e9l\u00e9ment essentiel de la filtration de votre piscine.\u00a0<span style=\"font-size: 15px;\">Il est important pendant la saison de faire r\u00e9guli\u00e8rement des lavages et rin\u00e7ages du filtre. Au moins tous les 15 jours.<br \/>Lavage 1 mn et Rin\u00e7age 30 secondes environ.<br \/><\/span><span style=\"font-size: 15px; color: var( --e-global-color-secondary );\">Le filtre \u00e0 sable permet de d\u00e9barrasser l&#8217;eau de toutes ses impuret\u00e9s. Poussi\u00e8res, feuilles, insectes, algues &#8230; et des les envoyer \u00e0 la vidange quand vous faites le lavage et rin\u00e7age. C&#8217;est gr\u00e2ce \u00e0 lui que l&#8217;eau de votre piscine est cristalline. Mais attention pour garder cette qualit\u00e9 d&#8217;eau, il est important de remplacer la charge filtrante r\u00e9guli\u00e8rement.<\/span><\/p><p><span style=\"font-size: 15px;\">Pour du sable c&#8217;est tous les 5 ans.<br \/>Pour du verre c&#8217;est tous les 8 ans en moyenne.<\/span><\/p><p>\u00a0<\/p>\t\t\t\t\t\t<\/div>\n\t\t\t\t<\/div>\n\t\t\t\t\t<\/div>\n\t\t<\/div>\n\t\t\t\t<div class=\"elementor-column elementor-col-50 elementor-top-column elementor-element elementor-element-40866d0c\" data-id=\"40866d0c\" data-element_type=\"column\">\n\t\t\t<div class=\"elementor-widget-wrap elementor-element-populated\">\n\t\t\t\t\t\t\t\t<div class=\"elementor-element elementor-element-c29d87b elementor-widget elementor-widget-image\" data-id=\"c29d87b\" data-element_type=\"widget\" data-widget_type=\"image.default\">\n\t\t\t\t<div class=\"elementor-widget-container\">\n\t\t\t<style>\/*! elementor - v3.9.2 - 21-12-2022 *\/\n.elementor-widget-image{text-align:center}.elementor-widget-image a{display:inline-block}.elementor-widget-image a img[src$=\".svg\"]{width:48px}.elementor-widget-image img{vertical-align:middle;display:inline-block}<\/style>\t\t\t\t\t\t\t\t\t\t\t\t<img decoding=\"async\" src=\"https:\/\/toulouse-entretien-piscines.fr\/wp-content\/uploads\/elementor\/thumbs\/FILTRE-A-SABLE-qcoqfln7k95l2zv2hxqt8j88t4xhrk5gl4mr6rg9l4.jpg\" title=\"FILTRE A SABLE\" alt=\"FILTRE A SABLE\" \/>\t\t\t\t\t\t\t\t\t\t\t\t\t\t\t<\/div>\n\t\t\t\t<\/div>\n\t\t\t\t\t<\/div>\n\t\t<\/div>\n\t\t\t\t\t\t\t<\/div>\n\t\t<\/section>\n\t\t\t\t<section class=\"elementor-section elementor-top-section elementor-element elementor-element-6040b2a5 elementor-section-content-middle elementor-section-boxed elementor-section-height-default elementor-section-height-default\" data-id=\"6040b2a5\" data-element_type=\"section\">\n\t\t\t\t\t\t<div class=\"elementor-container elementor-column-gap-no\">\n\t\t\t\t\t<div class=\"elementor-column elementor-col-50 elementor-top-column elementor-element elementor-element-5483eefa\" data-id=\"5483eefa\" data-element_type=\"column\">\n\t\t\t<div class=\"elementor-widget-wrap elementor-element-populated\">\n\t\t\t\t\t\t\t\t<div class=\"elementor-element elementor-element-601dfb7f elementor-widget elementor-widget-image\" data-id=\"601dfb7f\" data-element_type=\"widget\" data-widget_type=\"image.default\">\n\t\t\t\t<div class=\"elementor-widget-container\">\n\t\t\t\t\t\t\t\t\t\t\t\t\t\t\t<img decoding=\"async\" width=\"362\" height=\"274\" src=\"https:\/\/toulouse-entretien-piscines.fr\/wp-content\/uploads\/2023\/09\/GAROFILTRE.jpg\" class=\"attachment-full size-full wp-image-478\" alt=\"\" loading=\"lazy\" srcset=\"https:\/\/toulouse-entretien-piscines.fr\/wp-content\/uploads\/2023\/09\/GAROFILTRE.jpg 362w, https:\/\/toulouse-entretien-piscines.fr\/wp-content\/uploads\/2023\/09\/GAROFILTRE-300x227.jpg 300w\" sizes=\"(max-width: 362px) 100vw, 362px\" \/>\t\t\t\t\t\t\t\t\t\t\t\t\t\t\t<\/div>\n\t\t\t\t<\/div>\n\t\t\t\t\t<\/div>\n\t\t<\/div>\n\t\t\t\t<div class=\"elementor-column elementor-col-50 elementor-top-column elementor-element elementor-element-5a56f36f\" data-id=\"5a56f36f\" data-element_type=\"column\">\n\t\t\t<div class=\"elementor-widget-wrap elementor-element-populated\">\n\t\t\t\t\t\t\t\t<div class=\"elementor-element elementor-element-78b5d3ce elementor-widget elementor-widget-heading\" data-id=\"78b5d3ce\" data-element_type=\"widget\" data-widget_type=\"heading.default\">\n\t\t\t\t<div class=\"elementor-widget-container\">\n\t\t\t<h4 class=\"elementor-heading-title elementor-size-default\">Le verre : une alternative !<\/h4>\t\t<\/div>\n\t\t\t\t<\/div>\n\t\t\t\t<div class=\"elementor-element elementor-element-2fba4e54 elementor-widget elementor-widget-text-editor\" data-id=\"2fba4e54\" data-element_type=\"widget\" data-widget_type=\"text-editor.default\">\n\t\t\t\t<div class=\"elementor-widget-container\">\n\t\t\t\t\t\t\t<p class=\"fusion-responsive-typography-calculated\" data-fontsize=\"18\" data-lineheight=\"27px\">Le m\u00e9dia filtrant en verre est compos\u00e9 de granul\u00e9s de verre recycl\u00e9. C&#8217;est une alternative au sable dans tous les filtres \u00e0 sable traditionnels et un produit embl\u00e9matique de l\u2019esprit \u00e9conomie circulaire: 100% recycl\u00e9 et 100% recyclable.<br \/>Sa finesse de filtration est de 15 \u00e0 20 microns contre 40 \u00e0 50 pour du verre.<br \/><span style=\"font-size: 16px; color: var( --e-global-color-secondary );\">Ce m\u00e9dia filtrant s\u2019applique pour le traitement de l\u2019eau des piscines, la production d\u2019eau potable, le pr\u00e9-traitement en dessalement, le traitement tertiaire des eaux us\u00e9es et l\u2019irrigation<\/span><\/p>\t\t\t\t\t\t<\/div>\n\t\t\t\t<\/div>\n\t\t\t\t\t<\/div>\n\t\t<\/div>\n\t\t\t\t\t\t\t<\/div>\n\t\t<\/section>\n\t\t\t\t<section class=\"elementor-section elementor-top-section elementor-element elementor-element-563c00b elementor-section-boxed elementor-section-height-default elementor-section-height-default\" data-id=\"563c00b\" data-element_type=\"section\">\n\t\t\t\t\t\t<div class=\"elementor-container elementor-column-gap-default\">\n\t\t\t\t\t<div class=\"elementor-column elementor-col-100 elementor-top-column elementor-element elementor-element-3a620d7\" data-id=\"3a620d7\" data-element_type=\"column\">\n\t\t\t<div class=\"elementor-widget-wrap elementor-element-populated\">\n\t\t\t\t\t\t\t\t<div class=\"elementor-element elementor-element-96b6fd0 elementor-widget elementor-widget-text-editor\" data-id=\"96b6fd0\" data-element_type=\"widget\" data-widget_type=\"text-editor.default\">\n\t\t\t\t<div class=\"elementor-widget-container\">\n\t\t\t\t\t\t\t<p>Un produit \u00e9cologique\u00a0:<\/p><ul><li>R\u00e9duit les co\u00fbts d\u2019entretien en \u00e9conomie d\u2019eau lors du lavage et \u00e9conomie d\u2019\u00e9nergie (consommation des pompes r\u00e9duites)<\/li><li>Granul\u00e9s de verres recycl\u00e9s issus de la collecte de verre<\/li><li>Mat\u00e9riau plus durable que le sable<\/li><\/ul><p><b>L\u2019utilisation des granul\u00e9s de verre en remplacement du sable se fait sans modification du filtre \u00e0 sable.<\/b><\/p>\t\t\t\t\t\t<\/div>\n\t\t\t\t<\/div>\n\t\t\t\t\t<\/div>\n\t\t<\/div>\n\t\t\t\t\t\t\t<\/div>\n\t\t<\/section>\n\t\t\t\t<section class=\"elementor-section elementor-top-section elementor-element elementor-element-2bf94d13 elementor-section-content-middle elementor-reverse-mobile elementor-section-boxed elementor-section-height-default elementor-section-height-default\" data-id=\"2bf94d13\" data-element_type=\"section\">\n\t\t\t\t\t\t<div class=\"elementor-container elementor-column-gap-no\">\n\t\t\t\t\t<div class=\"elementor-column elementor-col-50 elementor-top-column elementor-element elementor-element-7e7e6bd5\" data-id=\"7e7e6bd5\" data-element_type=\"column\">\n\t\t\t<div class=\"elementor-widget-wrap elementor-element-populated\">\n\t\t\t\t\t\t\t\t<div class=\"elementor-element elementor-element-6976995c elementor-widget elementor-widget-heading\" data-id=\"6976995c\" data-element_type=\"widget\" data-widget_type=\"heading.default\">\n\t\t\t\t<div class=\"elementor-widget-container\">\n\t\t\t<h4 class=\"elementor-heading-title elementor-size-default\">Le remplacement du m\u00e9dia filtrant<\/h4>\t\t<\/div>\n\t\t\t\t<\/div>\n\t\t\t\t<div class=\"elementor-element elementor-element-69933b87 elementor-widget elementor-widget-text-editor\" data-id=\"69933b87\" data-element_type=\"widget\" data-widget_type=\"text-editor.default\">\n\t\t\t\t<div class=\"elementor-widget-container\">\n\t\t\t\t\t\t\t<p><b>Toulouse Entretien Piscines<\/b> fait le choix de vous proposer ce produit en mat\u00e9riaux recycl\u00e9s qui offre de meilleures performances que le sable. Finesse de filtration, moins perte de charge, meilleure r\u00e9partition des produits de traitement, dur\u00e9e de vie &#8230; Le co\u00fbt est certes un peu plus \u00e9lev\u00e9 de quelques dizaines d&#8217;euros par rapport \u00e0 du sable mais cela vaut vraiment la diff\u00e9rence.<br \/>Un devis vous sera \u00e9tabli soit pour du sable soit pour du verre. Tous nos devis comprennent le nettoyage du filtre une fois vide, la v\u00e9rification des cr\u00e9pines, l&#8217;\u00e9vacuation compl\u00e8te en d\u00e9ch\u00e8terie de la charge filtrante usag\u00e9e et la v\u00e9rification compl\u00e8te de la filtration apr\u00e8s l&#8217;intervention.<br \/>Votre devis d\u00e9pendra de la taille de votre filtre et de la quantit\u00e9 de mat\u00e9riaux requise par le fabricant.<\/p>\t\t\t\t\t\t<\/div>\n\t\t\t\t<\/div>\n\t\t\t\t<div class=\"elementor-element elementor-element-4131b269 elementor-widget elementor-widget-button\" data-id=\"4131b269\" data-element_type=\"widget\" data-widget_type=\"button.default\">\n\t\t\t\t<div class=\"elementor-widget-container\">\n\t\t\t\t\t<div class=\"elementor-button-wrapper\">\n\t\t\t<a href=\"https:\/\/toulouse-entretien-piscines.fr\/index.php\/contact\/\" class=\"elementor-button-link elementor-button elementor-size-lg elementor-animation-grow\" role=\"button\">\n\t\t\t\t\t\t<span class=\"elementor-button-content-wrapper\">\n\t\t\t\t\t\t<span class=\"elementor-button-text\">Demandez un devis<\/span>\n\t\t<\/span>\n\t\t\t\t\t<\/a>\n\t\t<\/div>\n\t\t\t\t<\/div>\n\t\t\t\t<\/div>\n\t\t\t\t\t<\/div>\n\t\t<\/div>\n\t\t\t\t<div class=\"elementor-column elementor-col-50 elementor-top-column elementor-element elementor-element-7f8bfff7\" data-id=\"7f8bfff7\" data-element_type=\"column\">\n\t\t\t<div class=\"elementor-widget-wrap elementor-element-populated\">\n\t\t\t\t\t\t\t\t<div class=\"elementor-element elementor-element-62b472e elementor-widget elementor-widget-image\" data-id=\"62b472e\" data-element_type=\"widget\" data-widget_type=\"image.default\">\n\t\t\t\t<div class=\"elementor-widget-container\">\n\t\t\t\t\t\t\t\t\t\t\t\t\t\t\t<img decoding=\"async\" src=\"https:\/\/toulouse-entretien-piscines.fr\/wp-content\/uploads\/elementor\/thumbs\/woman-ge01b50975_640-q04v7ib1l05ap2j03nnt4jcjjfwwc38xov7asud0oc.jpg\" title=\"woman-ge01b50975_640\" alt=\"woman-ge01b50975_640\" \/>\t\t\t\t\t\t\t\t\t\t\t\t\t\t\t<\/div>\n\t\t\t\t<\/div>\n\t\t\t\t\t<\/div>\n\t\t<\/div>\n\t\t\t\t\t\t\t<\/div>\n\t\t<\/section>\n\t\t\t\t\t\t\t<\/div>\n\t\t","protected":false},"excerpt":{"rendered":"<p>Votre filtre \u00e0 sable Votre filtre \u00e0 sable est un \u00e9l\u00e9ment essentiel de la filtration de votre piscine.\u00a0Il est important pendant la saison de faire r\u00e9guli\u00e8rement des lavages et rin\u00e7ages du filtre. Au moins tous les 15 jours.Lavage 1 mn et Rin\u00e7age 30 secondes environ.Le filtre \u00e0 sable permet de d\u00e9barrasser l&#8217;eau de toutes ses [&hellip;]<\/p>\n","protected":false},"author":1,"featured_media":0,"parent":0,"menu_order":0,"comment_status":"closed","ping_status":"closed","template":"","meta":[],"yoast_head":"<!-- This site is optimized with the Yoast SEO plugin v19.13 - https:\/\/yoast.com\/wordpress\/plugins\/seo\/ -->\n<title>Le Filtre \u00e0 Sable - toulouse entretien piscines<\/title>\n<meta name=\"robots\" content=\"index, follow, max-snippet:-1, max-image-preview:large, max-video-preview:-1\" \/>\n<link rel=\"canonical\" href=\"https:\/\/toulouse-entretien-piscines.fr\/index.php\/nos-services\/\" \/>\n<meta property=\"og:locale\" content=\"en_US\" \/>\n<meta property=\"og:type\" content=\"article\" \/>\n<meta property=\"og:title\" content=\"Le Filtre \u00e0 Sable - toulouse entretien piscines\" \/>\n<meta property=\"og:description\" content=\"Votre filtre \u00e0 sable Votre filtre \u00e0 sable est un \u00e9l\u00e9ment essentiel de la filtration de votre piscine.\u00a0Il est important pendant la saison de faire r\u00e9guli\u00e8rement des lavages et rin\u00e7ages du filtre. Au moins tous les 15 jours.Lavage 1 mn et Rin\u00e7age 30 secondes environ.Le filtre \u00e0 sable permet de d\u00e9barrasser l&#8217;eau de toutes ses [&hellip;]\" \/>\n<meta property=\"og:url\" content=\"https:\/\/toulouse-entretien-piscines.fr\/index.php\/nos-services\/\" \/>\n<meta property=\"og:site_name\" content=\"toulouse entretien piscines\" \/>\n<meta property=\"article:modified_time\" content=\"2023-09-20T14:01:14+00:00\" \/>\n<meta property=\"og:image\" content=\"https:\/\/toulouse-entretien-piscines.fr\/wp-content\/uploads\/elementor\/thumbs\/FILTRE-A-SABLE-qcoqfln7k95l2zv2hxqt8j88t4xhrk5gl4mr6rg9l4.jpg\" \/>\n<meta name=\"twitter:card\" content=\"summary_large_image\" \/>\n<meta name=\"twitter:label1\" content=\"Est. reading time\" \/>\n\t<meta name=\"twitter:data1\" content=\"3 minutes\" \/>\n<script type=\"application\/ld+json\" class=\"yoast-schema-graph\">{\"@context\":\"https:\/\/schema.org\",\"@graph\":[{\"@type\":\"WebPage\",\"@id\":\"https:\/\/toulouse-entretien-piscines.fr\/index.php\/nos-services\/\",\"url\":\"https:\/\/toulouse-entretien-piscines.fr\/index.php\/nos-services\/\",\"name\":\"Le Filtre \u00e0 Sable - toulouse entretien piscines\",\"isPartOf\":{\"@id\":\"https:\/\/toulouse-entretien-piscines.fr\/#website\"},\"datePublished\":\"2023-01-03T13:02:49+00:00\",\"dateModified\":\"2023-09-20T14:01:14+00:00\",\"breadcrumb\":{\"@id\":\"https:\/\/toulouse-entretien-piscines.fr\/index.php\/nos-services\/#breadcrumb\"},\"inLanguage\":\"en-US\",\"potentialAction\":[{\"@type\":\"ReadAction\",\"target\":[\"https:\/\/toulouse-entretien-piscines.fr\/index.php\/nos-services\/\"]}]},{\"@type\":\"BreadcrumbList\",\"@id\":\"https:\/\/toulouse-entretien-piscines.fr\/index.php\/nos-services\/#breadcrumb\",\"itemListElement\":[{\"@type\":\"ListItem\",\"position\":1,\"name\":\"Accueil\",\"item\":\"https:\/\/toulouse-entretien-piscines.fr\/\"},{\"@type\":\"ListItem\",\"position\":2,\"name\":\"Le Filtre \u00e0 Sable\"}]},{\"@type\":\"WebSite\",\"@id\":\"https:\/\/toulouse-entretien-piscines.fr\/#website\",\"url\":\"https:\/\/toulouse-entretien-piscines.fr\/\",\"name\":\"toulouse entretien piscines\",\"description\":\"\",\"publisher\":{\"@id\":\"https:\/\/toulouse-entretien-piscines.fr\/#organization\"},\"potentialAction\":[{\"@type\":\"SearchAction\",\"target\":{\"@type\":\"EntryPoint\",\"urlTemplate\":\"https:\/\/toulouse-entretien-piscines.fr\/?s={search_term_string}\"},\"query-input\":\"required name=search_term_string\"}],\"inLanguage\":\"en-US\"},{\"@type\":\"Organization\",\"@id\":\"https:\/\/toulouse-entretien-piscines.fr\/#organization\",\"name\":\"toulouse entretien piscines\",\"url\":\"https:\/\/toulouse-entretien-piscines.fr\/\",\"logo\":{\"@type\":\"ImageObject\",\"inLanguage\":\"en-US\",\"@id\":\"https:\/\/toulouse-entretien-piscines.fr\/#\/schema\/logo\/image\/\",\"url\":\"https:\/\/toulouse-entretien-piscines.fr\/wp-content\/uploads\/2023\/01\/cropped-TEP-ORANGE-CREUX-RECTANGLE-SCRIPT-BLEU-1.jpg\",\"contentUrl\":\"https:\/\/toulouse-entretien-piscines.fr\/wp-content\/uploads\/2023\/01\/cropped-TEP-ORANGE-CREUX-RECTANGLE-SCRIPT-BLEU-1.jpg\",\"width\":1094,\"height\":670,\"caption\":\"toulouse entretien piscines\"},\"image\":{\"@id\":\"https:\/\/toulouse-entretien-piscines.fr\/#\/schema\/logo\/image\/\"}}]}<\/script>\n<!-- \/ Yoast SEO plugin. -->","yoast_head_json":{"title":"Le Filtre \u00e0 Sable - toulouse entretien piscines","robots":{"index":"index","follow":"follow","max-snippet":"max-snippet:-1","max-image-preview":"max-image-preview:large","max-video-preview":"max-video-preview:-1"},"canonical":"https:\/\/toulouse-entretien-piscines.fr\/index.php\/nos-services\/","og_locale":"en_US","og_type":"article","og_title":"Le Filtre \u00e0 Sable - toulouse entretien piscines","og_description":"Votre filtre \u00e0 sable Votre filtre \u00e0 sable est un \u00e9l\u00e9ment essentiel de la filtration de votre piscine.\u00a0Il est important pendant la saison de faire r\u00e9guli\u00e8rement des lavages et rin\u00e7ages du filtre. Au moins tous les 15 jours.Lavage 1 mn et Rin\u00e7age 30 secondes environ.Le filtre \u00e0 sable permet de d\u00e9barrasser l&#8217;eau de toutes ses [&hellip;]","og_url":"https:\/\/toulouse-entretien-piscines.fr\/index.php\/nos-services\/","og_site_name":"toulouse entretien piscines","article_modified_time":"2023-09-20T14:01:14+00:00","og_image":[{"url":"https:\/\/toulouse-entretien-piscines.fr\/wp-content\/uploads\/elementor\/thumbs\/FILTRE-A-SABLE-qcoqfln7k95l2zv2hxqt8j88t4xhrk5gl4mr6rg9l4.jpg"}],"twitter_card":"summary_large_image","twitter_misc":{"Est. reading time":"3 minutes"},"schema":{"@context":"https:\/\/schema.org","@graph":[{"@type":"WebPage","@id":"https:\/\/toulouse-entretien-piscines.fr\/index.php\/nos-services\/","url":"https:\/\/toulouse-entretien-piscines.fr\/index.php\/nos-services\/","name":"Le Filtre \u00e0 Sable - toulouse entretien piscines","isPartOf":{"@id":"https:\/\/toulouse-entretien-piscines.fr\/#website"},"datePublished":"2023-01-03T13:02:49+00:00","dateModified":"2023-09-20T14:01:14+00:00","breadcrumb":{"@id":"https:\/\/toulouse-entretien-piscines.fr\/index.php\/nos-services\/#breadcrumb"},"inLanguage":"en-US","potentialAction":[{"@type":"ReadAction","target":["https:\/\/toulouse-entretien-piscines.fr\/index.php\/nos-services\/"]}]},{"@type":"BreadcrumbList","@id":"https:\/\/toulouse-entretien-piscines.fr\/index.php\/nos-services\/#breadcrumb","itemListElement":[{"@type":"ListItem","position":1,"name":"Accueil","item":"https:\/\/toulouse-entretien-piscines.fr\/"},{"@type":"ListItem","position":2,"name":"Le Filtre \u00e0 Sable"}]},{"@type":"WebSite","@id":"https:\/\/toulouse-entretien-piscines.fr\/#website","url":"https:\/\/toulouse-entretien-piscines.fr\/","name":"toulouse entretien piscines","description":"","publisher":{"@id":"https:\/\/toulouse-entretien-piscines.fr\/#organization"},"potentialAction":[{"@type":"SearchAction","target":{"@type":"EntryPoint","urlTemplate":"https:\/\/toulouse-entretien-piscines.fr\/?s={search_term_string}"},"query-input":"required name=search_term_string"}],"inLanguage":"en-US"},{"@type":"Organization","@id":"https:\/\/toulouse-entretien-piscines.fr\/#organization","name":"toulouse entretien piscines","url":"https:\/\/toulouse-entretien-piscines.fr\/","logo":{"@type":"ImageObject","inLanguage":"en-US","@id":"https:\/\/toulouse-entretien-piscines.fr\/#\/schema\/logo\/image\/","url":"https:\/\/toulouse-entretien-piscines.fr\/wp-content\/uploads\/2023\/01\/cropped-TEP-ORANGE-CREUX-RECTANGLE-SCRIPT-BLEU-1.jpg","contentUrl":"https:\/\/toulouse-entretien-piscines.fr\/wp-content\/uploads\/2023\/01\/cropped-TEP-ORANGE-CREUX-RECTANGLE-SCRIPT-BLEU-1.jpg","width":1094,"height":670,"caption":"toulouse entretien piscines"},"image":{"@id":"https:\/\/toulouse-entretien-piscines.fr\/#\/schema\/logo\/image\/"}}]}},"_links":{"self":[{"href":"https:\/\/toulouse-entretien-piscines.fr\/index.php\/wp-json\/wp\/v2\/pages\/16"}],"collection":[{"href":"https:\/\/toulouse-entretien-piscines.fr\/index.php\/wp-json\/wp\/v2\/pages"}],"about":[{"href":"https:\/\/toulouse-entretien-piscines.fr\/index.php\/wp-json\/wp\/v2\/types\/page"}],"author":[{"embeddable":true,"href":"https:\/\/toulouse-entretien-piscines.fr\/index.php\/wp-json\/wp\/v2\/users\/1"}],"replies":[{"embeddable":true,"href":"https:\/\/toulouse-entretien-piscines.fr\/index.php\/wp-json\/wp\/v2\/comments?post=16"}],"version-history":[{"count":35,"href":"https:\/\/toulouse-entretien-piscines.fr\/index.php\/wp-json\/wp\/v2\/pages\/16\/revisions"}],"predecessor-version":[{"id":513,"href":"https:\/\/toulouse-entretien-piscines.fr\/index.php\/wp-json\/wp\/v2\/pages\/16\/revisions\/513"}],"wp:attachment":[{"href":"https:\/\/toulouse-entretien-piscines.fr\/index.php\/wp-json\/wp\/v2\/media?parent=16"}],"curies":[{"name":"wp","href":"https:\/\/api.w.org\/{rel}","templated":true}]}}